{"id":24013,"date":"2018-02-27T20:25:37","date_gmt":"2018-02-27T20:25:37","guid":{"rendered":"http:\/\/ercev.com.tr\/?page_id=24013"},"modified":"2018-05-01T21:51:59","modified_gmt":"2018-05-01T21:51:59","slug":"numune-alma-hizmetleri","status":"publish","type":"page","link":"https:\/\/ercev.com.tr\/?page_id=24013","title":{"rendered":"Numune Alma Hizmetleri"},"content":{"rendered":"<ul>\n<li>At\u0131k Sulardan Numune Alma<img loading=\"lazy\" class=\"size-full wp-image-24077 alignright\" src=\"http:\/\/ercev.com.tr\/wp-content\/uploads\/2018\/04\/SuAt\u0131ksu-Analizi.jpg\" alt=\"\" width=\"762\" height=\"320\" srcset=\"https:\/\/ercev.com.tr\/wp-content\/uploads\/2018\/04\/SuAt\u0131ksu-Analizi.jpg 762w, https:\/\/ercev.com.tr\/wp-content\/uploads\/2018\/04\/SuAt\u0131ksu-Analizi-300x126.jpg 300w\" sizes=\"(max-width: 762px) 100vw, 762px\" \/><\/li>\n<li>Deniz Sular\u0131ndan Numune Alma<\/li>\n<li>Nehirden ve Akarsulardan Numune Alma<\/li>\n<li>G\u00f6l ve G\u00f6letlerden Numune Alma<\/li>\n<li>At\u0131k ya\u011f numunesi al\u0131m\u0131<\/li>\n<li>Kat\u0131 at\u0131k numune al\u0131m\u0131<\/li>\n<li>Biyogaz potansiyelinin belirlenmesi i\u00e7in numune al\u0131m\u0131<\/li>\n<\/ul>\n","protected":false},"excerpt":{"rendered":"<p>At\u0131k Sulardan Numune Alma Deniz Sular\u0131ndan Numune Alma Nehirden ve Akarsulardan Numune Alma G\u00f6l ve G\u00f6letlerden Numune Alma At\u0131k ya\u011f numunesi al\u0131m\u0131 Kat\u0131 at\u0131k numune al\u0131m\u0131 Biyogaz potansiyelinin belirlenmesi i\u00e7in numune al\u0131m\u0131<\/p>\n","protected":false},"author":1,"featured_media":0,"parent":0,"menu_order":0,"comment_status":"closed","ping_status":"closed","template":"","meta":[],"_links":{"self":[{"href":"https:\/\/ercev.com.tr\/index.php?rest_route=\/wp\/v2\/pages\/24013"}],"collection":[{"href":"https:\/\/ercev.com.tr\/index.php?rest_route=\/wp\/v2\/pages"}],"about":[{"href":"https:\/\/ercev.com.tr\/index.php?rest_route=\/wp\/v2\/types\/page"}],"author":[{"embeddable":true,"href":"https:\/\/ercev.com.tr\/index.php?rest_route=\/wp\/v2\/users\/1"}],"replies":[{"embeddable":true,"href":"https:\/\/ercev.com.tr\/index.php?rest_route=%2Fwp%2Fv2%2Fcomments&post=24013"}],"version-history":[{"count":3,"href":"https:\/\/ercev.com.tr\/index.php?rest_route=\/wp\/v2\/pages\/24013\/revisions"}],"predecessor-version":[{"id":24198,"href":"https:\/\/ercev.com.tr\/index.php?rest_route=\/wp\/v2\/pages\/24013\/revisions\/24198"}],"wp:attachment":[{"href":"https:\/\/ercev.com.tr\/index.php?rest_route=%2Fwp%2Fv2%2Fmedia&parent=24013"}],"curies":[{"name":"wp","href":"https:\/\/api.w.org\/{rel}","templated":true}]}}