{"id":24011,"date":"2018-02-27T20:23:47","date_gmt":"2018-02-27T20:23:47","guid":{"rendered":"http:\/\/ercev.com.tr\/?page_id=24011"},"modified":"2018-05-21T20:28:06","modified_gmt":"2018-05-21T20:28:06","slug":"atik-camur-ve-toprak-analizleri","status":"publish","type":"page","link":"https:\/\/ercev.com.tr\/?page_id=24011","title":{"rendered":"At\u0131k \u00c7amur ve Toprak Analizleri"},"content":{"rendered":"<ul>\n<li>Ar\u0131tma \u00c7amuru Analizi<\/li>\n<li>As (Arsenild Ba (Baryum) Cd (Kadminyum)<img loading=\"lazy\" class=\" wp-image-24081 alignright\" src=\"http:\/\/ercev.com.tr\/wp-content\/uploads\/2018\/04\/At\u0131k-\u00c7amur-ve-Toprak-Analizleri.jpg\" alt=\"\" width=\"601\" height=\"400\" \/><\/li>\n<li>Cr Toplam (Krom Toplam)<\/li>\n<li>Cu (Bak\u0131r)<\/li>\n<li>Hg (Ova)<\/li>\n<li>(Molibden)<\/li>\n<li>Ni I 14\/Ikt<\/li>\n<li>Pb (Kur\u015fun) Sb ( Antimon) Se (Selenyum) Zn (\u00c7inko) Klor&amp;Flonit<\/li>\n<li>S\u00fclfat<\/li>\n<li>DOC I(Sz\u00fcnm\u00fc\u015f Organik Karbon)<\/li>\n<li>TDS (Toplam \u00c7\u00f6z\u00fcnen Kat\u0131)<\/li>\n<li>Fenol Indeks,<\/li>\n<li>Proses At\u0131klar\u0131 Analizi<\/li>\n<li>Toprak Analizleri<\/li>\n<li>TOC (Toprak Organik Karbon)<\/li>\n<li>BTEX (Screen, Toluen, etilberuen ve Xylenes) PCBs<\/li>\n<li>Mineral Ya\u011f<\/li>\n<li>1.01 (Kud\u0131nra Kayb\u0131)<\/li>\n<li>AOK, TOX, TPH<\/li>\n<\/ul>\n","protected":false},"excerpt":{"rendered":"<p>Ar\u0131tma \u00c7amuru Analizi As (Arsenild Ba (Baryum) Cd (Kadminyum) Cr Toplam (Krom Toplam) Cu (Bak\u0131r) Hg (Ova) (Molibden) Ni I 14\/Ikt Pb (Kur\u015fun) Sb ( Antimon) Se (Selenyum) Zn (\u00c7inko) Klor&amp;Flonit S\u00fclfat DOC I(Sz\u00fcnm\u00fc\u015f Organik Karbon) TDS (Toplam \u00c7\u00f6z\u00fcnen Kat\u0131) Fenol Indeks, Proses At\u0131klar\u0131 Analizi Toprak Analizleri TOC (Toprak Organik Karbon) BTEX (Screen, Toluen, etilberuen ve Xylenes) PCBs Mineral Ya\u011f<\/p>\n<div class=\"h10\"><\/div>\n<p><a class=\"more-link1\" href=\"https:\/\/ercev.com.tr\/?page_id=24011\">Read more<\/a><\/p>\n","protected":false},"author":1,"featured_media":0,"parent":0,"menu_order":0,"comment_status":"closed","ping_status":"closed","template":"","meta":[],"_links":{"self":[{"href":"https:\/\/ercev.com.tr\/index.php?rest_route=\/wp\/v2\/pages\/24011"}],"collection":[{"href":"https:\/\/ercev.com.tr\/index.php?rest_route=\/wp\/v2\/pages"}],"about":[{"href":"https:\/\/ercev.com.tr\/index.php?rest_route=\/wp\/v2\/types\/page"}],"author":[{"embeddable":true,"href":"https:\/\/ercev.com.tr\/index.php?rest_route=\/wp\/v2\/users\/1"}],"replies":[{"embeddable":true,"href":"https:\/\/ercev.com.tr\/index.php?rest_route=%2Fwp%2Fv2%2Fcomments&post=24011"}],"version-history":[{"count":7,"href":"https:\/\/ercev.com.tr\/index.php?rest_route=\/wp\/v2\/pages\/24011\/revisions"}],"predecessor-version":[{"id":24338,"href":"https:\/\/ercev.com.tr\/index.php?rest_route=\/wp\/v2\/pages\/24011\/revisions\/24338"}],"wp:attachment":[{"href":"https:\/\/ercev.com.tr\/index.php?rest_route=%2Fwp%2Fv2%2Fmedia&parent=24011"}],"curies":[{"name":"wp","href":"https:\/\/api.w.org\/{rel}","templated":true}]}}