{"id":23949,"date":"2018-02-16T13:48:57","date_gmt":"2018-02-16T13:48:57","guid":{"rendered":"http:\/\/ercev.com.tr\/?page_id=23949"},"modified":"2018-05-14T20:27:01","modified_gmt":"2018-05-14T20:27:01","slug":"gurultu-olcumu","status":"publish","type":"page","link":"https:\/\/ercev.com.tr\/?page_id=23949","title":{"rendered":"Akustik G\u00fcr\u00fclt\u00fc \u00d6l\u00e7\u00fcmleri"},"content":{"rendered":"<ul>\n<li>Akustik <strong>G\u00fcr\u00fclt\u00fc \u00d6l\u00e7\u00fcmleri <\/strong>ve Haritalama \u00c7evresel G\u00fcr\u00fclt\u00fc \u00d6l\u00e7\u00fcmleri<img loading=\"lazy\" class=\"size-full wp-image-24329 alignright\" src=\"http:\/\/ercev.com.tr\/wp-content\/uploads\/2018\/05\/akustiksesolcumu.jpg\" alt=\"\" width=\"620\" height=\"350\" srcset=\"https:\/\/ercev.com.tr\/wp-content\/uploads\/2018\/05\/akustiksesolcumu.jpg 620w, https:\/\/ercev.com.tr\/wp-content\/uploads\/2018\/05\/akustiksesolcumu-300x169.jpg 300w\" sizes=\"(max-width: 620px) 100vw, 620px\" \/><\/li>\n<li>\u00c7ED Kapsam\u0131nda G\u00fcr\u00fclt\u00fc \u00d6l\u00e7\u00fcmleri<\/li>\n<li>Zemin, Bina ve Madencilik T\u0131tresim \u00d6l\u00e7\u00fcmleri G\u00fcr\u00fclt\u00fc (misyonu De\u011ferlendirilmesi<\/li>\n<li>CE isaretleme ve Kalite Belgeleme \u00d6l\u00e7\u00fcmleri Arkaplan ( FON) G\u00fcr\u00fclt\u00fc Ol\u00e7\u00fcmleri<\/li>\n<\/ul>\n","protected":false},"excerpt":{"rendered":"<p>Akustik G\u00fcr\u00fclt\u00fc \u00d6l\u00e7\u00fcmleri ve Haritalama \u00c7evresel G\u00fcr\u00fclt\u00fc \u00d6l\u00e7\u00fcmleri \u00c7ED Kapsam\u0131nda G\u00fcr\u00fclt\u00fc \u00d6l\u00e7\u00fcmleri Zemin, Bina ve Madencilik T\u0131tresim \u00d6l\u00e7\u00fcmleri G\u00fcr\u00fclt\u00fc (misyonu De\u011ferlendirilmesi CE isaretleme ve Kalite Belgeleme \u00d6l\u00e7\u00fcmleri Arkaplan ( FON) G\u00fcr\u00fclt\u00fc Ol\u00e7\u00fcmleri<\/p>\n","protected":false},"author":1,"featured_media":0,"parent":0,"menu_order":0,"comment_status":"closed","ping_status":"closed","template":"","meta":[],"_links":{"self":[{"href":"https:\/\/ercev.com.tr\/index.php?rest_route=\/wp\/v2\/pages\/23949"}],"collection":[{"href":"https:\/\/ercev.com.tr\/index.php?rest_route=\/wp\/v2\/pages"}],"about":[{"href":"https:\/\/ercev.com.tr\/index.php?rest_route=\/wp\/v2\/types\/page"}],"author":[{"embeddable":true,"href":"https:\/\/ercev.com.tr\/index.php?rest_route=\/wp\/v2\/users\/1"}],"replies":[{"embeddable":true,"href":"https:\/\/ercev.com.tr\/index.php?rest_route=%2Fwp%2Fv2%2Fcomments&post=23949"}],"version-history":[{"count":4,"href":"https:\/\/ercev.com.tr\/index.php?rest_route=\/wp\/v2\/pages\/23949\/revisions"}],"predecessor-version":[{"id":24330,"href":"https:\/\/ercev.com.tr\/index.php?rest_route=\/wp\/v2\/pages\/23949\/revisions\/24330"}],"wp:attachment":[{"href":"https:\/\/ercev.com.tr\/index.php?rest_route=%2Fwp%2Fv2%2Fmedia&parent=23949"}],"curies":[{"name":"wp","href":"https:\/\/api.w.org\/{rel}","templated":true}]}}