{"id":23862,"date":"2018-02-11T15:54:36","date_gmt":"2018-02-11T15:54:36","guid":{"rendered":"http:\/\/ercev.com.tr\/?page_id=23862"},"modified":"2018-05-01T22:02:09","modified_gmt":"2018-05-01T22:02:09","slug":"egitim","status":"publish","type":"page","link":"https:\/\/ercev.com.tr\/?page_id=23862","title":{"rendered":"\u00c7evre Dan\u0131\u015fmanl\u0131\u011f\u0131"},"content":{"rendered":"<div class=\"post_description\">\n<div class=\"column two-third\">\n<div class=\"font-16\">\n<p><strong>Er\u00e7ev <\/strong> \u00c7evre Dan\u0131\u015fmanl\u0131k konular\u0131nda deneyimli ekibiyle \u201c\u00c7evre G\u00f6revlisi, \u00c7evre Y\u00f6netim Birimi ve \u00c7evre Dan\u0131\u015fmanl\u0131k Firmalar\u0131 Hakk\u0131nda Y\u00f6netmelik\u201d ve \u201c\u00c7evre \u0130zin ve Lisans Y\u00f6netmeli\u011fi\u201d ile di\u011fer \u00c7evre Mevzuatlar\u0131 kapsam\u0131nda hizmetler sunarak Firman\u0131za \u00e7\u00f6z\u00fcm orta\u011f\u0131 olmaktad\u0131r.<\/p>\n<p><strong>\u00c7evre Dan\u0131\u015fmanl\u0131\u011f\u0131 Kapsam\u0131nda ;<\/strong><\/p>\n<ul>\n<li>\u00c7evre \u0130zin Belgesi, \u00c7evre \u0130zin ve Lisans Belgesi, Toplama Ay\u0131rma Belgesi<img loading=\"lazy\" class=\"size-full wp-image-24207 alignright\" src=\"http:\/\/ercev.com.tr\/wp-content\/uploads\/2018\/05\/ercev-cevre_danismanlik-1.png\" alt=\"\" width=\"664\" height=\"660\" srcset=\"https:\/\/ercev.com.tr\/wp-content\/uploads\/2018\/05\/ercev-cevre_danismanlik-1.png 664w, https:\/\/ercev.com.tr\/wp-content\/uploads\/2018\/05\/ercev-cevre_danismanlik-1-150x150.png 150w, https:\/\/ercev.com.tr\/wp-content\/uploads\/2018\/05\/ercev-cevre_danismanlik-1-300x298.png 300w\" sizes=\"(max-width: 664px) 100vw, 664px\" \/><\/li>\n<li>KOSGEB Destekleri ve Te\u015fvikler<\/li>\n<li>De\u015farj Kalite Kontrol Ruhsat\u0131 (DKKR)<\/li>\n<li>\u0130\u015fyeri A\u00e7ma ve \u00c7al\u0131\u015fma Ruhsat\u0131<\/li>\n<li>Kapasite Raporlar\u0131n\u0131n Al\u0131nmas\u0131<\/li>\n<li>At\u0131ksu Ar\u0131tma Tesisi Kimlik Belgelerinin al\u0131nmas\u0131<\/li>\n<li>Beyanlar\u0131n ve Bildirimlerin yap\u0131lmas\u0131<\/li>\n<li>\u00c7evre ve Mevzuat kapsamlar\u0131nda ve \u0130dari Para Cezalar\u0131 hakkk\u0131nda E\u011fitimlerin verilmesi<\/li>\n<li>\u0130\u00e7 Tetkiklerin yap\u0131lmas\u0131 ve Yasal Uygunluk kapsam\u0131nda de\u011ferlendirme<\/li>\n<li>Geri Kazan\u0131m (Tehlikeli At\u0131k, Tehlikesiz At\u0131k, At\u0131k Ya\u011f, Bitkisel At\u0131k Ya\u011f,At\u0131k Pil Ve Ak\u00fcm\u00fclat\u00f6r,\u00d6mr\u00fcn\u00fc Tamamlam\u0131\u015f Lastik, Ambalaj At\u0131\u011f\u0131)<\/li>\n<li>End\u00fcstriyel At\u0131k Y\u00f6netim Planlar\u0131 Haz\u0131rlanmas\u0131<\/li>\n<li>\u00c7evre- Boyut analizi<\/li>\n<li>Ba\u011f\u0131ms\u0131z \u00c7evre Denetimleri<\/li>\n<li>\u00c7evre E\u011fitimleri<\/li>\n<li>Beyan \/Bildirimlerin Yap\u0131lmas\u0131<\/li>\n<li>\u00c7evresel Acil Durum Tatbikatlar\u0131<\/li>\n<li>\u00c7evre Projeleri Yat\u0131r\u0131m Dan\u0131\u015fmanl\u0131\u011f\u0131<\/li>\n<li>Tam \/K\u0131smi Zamanl\u0131 \u00c7evre G\u00f6revlisi G\u00f6revlendirme<\/li>\n<li>Sera Gaz\u0131 izleme plan\u0131 ve emisyon raporlar\u0131n\u0131n haz\u0131rlanmas\u0131<\/li>\n<\/ul>\n<p>&nbsp;<\/p>\n<\/div>\n<\/div>\n<\/div>\n","protected":false},"excerpt":{"rendered":"<p>Er\u00e7ev \u00c7evre Dan\u0131\u015fmanl\u0131k konular\u0131nda deneyimli ekibiyle \u201c\u00c7evre G\u00f6revlisi, \u00c7evre Y\u00f6netim Birimi ve \u00c7evre Dan\u0131\u015fmanl\u0131k Firmalar\u0131 Hakk\u0131nda Y\u00f6netmelik\u201d ve \u201c\u00c7evre \u0130zin ve Lisans Y\u00f6netmeli\u011fi\u201d ile di\u011fer \u00c7evre Mevzuatlar\u0131 kapsam\u0131nda hizmetler sunarak Firman\u0131za \u00e7\u00f6z\u00fcm orta\u011f\u0131 olmaktad\u0131r. \u00c7evre Dan\u0131\u015fmanl\u0131\u011f\u0131 Kapsam\u0131nda ; \u00c7evre \u0130zin Belgesi, \u00c7evre \u0130zin ve Lisans Belgesi, Toplama Ay\u0131rma Belgesi KOSGEB Destekleri ve Te\u015fvikler De\u015farj Kalite Kontrol Ruhsat\u0131 (DKKR) \u0130\u015fyeri A\u00e7ma<\/p>\n<div class=\"h10\"><\/div>\n<p><a class=\"more-link1\" href=\"https:\/\/ercev.com.tr\/?page_id=23862\">Read more<\/a><\/p>\n","protected":false},"author":1,"featured_media":23916,"parent":0,"menu_order":0,"comment_status":"closed","ping_status":"closed","template":"","meta":[],"_links":{"self":[{"href":"https:\/\/ercev.com.tr\/index.php?rest_route=\/wp\/v2\/pages\/23862"}],"collection":[{"href":"https:\/\/ercev.com.tr\/index.php?rest_route=\/wp\/v2\/pages"}],"about":[{"href":"https:\/\/ercev.com.tr\/index.php?rest_route=\/wp\/v2\/types\/page"}],"author":[{"embeddable":true,"href":"https:\/\/ercev.com.tr\/index.php?rest_route=\/wp\/v2\/users\/1"}],"replies":[{"embeddable":true,"href":"https:\/\/ercev.com.tr\/index.php?rest_route=%2Fwp%2Fv2%2Fcomments&post=23862"}],"version-history":[{"count":8,"href":"https:\/\/ercev.com.tr\/index.php?rest_route=\/wp\/v2\/pages\/23862\/revisions"}],"predecessor-version":[{"id":24474,"href":"https:\/\/ercev.com.tr\/index.php?rest_route=\/wp\/v2\/pages\/23862\/revisions\/24474"}],"wp:featuredmedia":[{"embeddable":true,"href":"https:\/\/ercev.com.tr\/index.php?rest_route=\/wp\/v2\/media\/23916"}],"wp:attachment":[{"href":"https:\/\/ercev.com.tr\/index.php?rest_route=%2Fwp%2Fv2%2Fmedia&parent=23862"}],"curies":[{"name":"wp","href":"https:\/\/api.w.org\/{rel}","templated":true}]}}