{"id":23848,"date":"2018-02-11T15:54:16","date_gmt":"2018-02-11T15:54:16","guid":{"rendered":"http:\/\/ercev.com.tr\/?page_id=23848"},"modified":"2018-05-01T21:31:39","modified_gmt":"2018-05-01T21:31:39","slug":"olcum","status":"publish","type":"page","link":"https:\/\/ercev.com.tr\/?page_id=23848","title":{"rendered":"Emisyon &#038; \u0130misyon \u00d6l\u00e7\u00fcmleri"},"content":{"rendered":"<p>Laboratuvar\u0131m\u0131z ; emisyon \u00f6l\u00e7\u00fcmlerini ulusal ve uluslararas\u0131 metotlara uygun \u015fekilde, konusunda deneyimli ve uzman personel ile modern \u00f6l\u00e7\u00fcm cihazlar\u0131 ve ekipmanlar\u0131 kullanarak ger\u00e7ekle\u015ftirmekte olup h\u0131zl\u0131, g\u00fcvenilir ve kaliteli hizmet vermektedir.<\/p>\n<p>&nbsp;<\/p>\n<ul>\n<li>Emisyon (Baca Gaz\u0131) ve \u0130misyon (Hava Kalitesi) \u00d6l\u00e7\u00fcmleri<img loading=\"lazy\" class=\" wp-image-24075 alignright\" src=\"http:\/\/ercev.com.tr\/wp-content\/uploads\/2018\/04\/Emisyon-Baca-Gaz\u0131-\u00d6l\u00e7\u00fcmleri.jpg\" alt=\"\" width=\"666\" height=\"380\" srcset=\"https:\/\/ercev.com.tr\/wp-content\/uploads\/2018\/04\/Emisyon-Baca-Gaz\u0131-\u00d6l\u00e7\u00fcmleri.jpg 770w, https:\/\/ercev.com.tr\/wp-content\/uploads\/2018\/04\/Emisyon-Baca-Gaz\u0131-\u00d6l\u00e7\u00fcmleri-300x171.jpg 300w, https:\/\/ercev.com.tr\/wp-content\/uploads\/2018\/04\/Emisyon-Baca-Gaz\u0131-\u00d6l\u00e7\u00fcmleri-768x439.jpg 768w\" sizes=\"(max-width: 666px) 100vw, 666px\" \/><\/li>\n<li>Hava Kalitesi Da\u011f\u0131l\u0131m Modelleme \u00c7al\u0131\u015fmalar\u0131<\/li>\n<li>S\u00fcrekli Emisyon (KGS2 ve YGT Testleri) \u00d6l\u00e7\u00fcmleri<\/li>\n<li>SE\u00d6S Fizibilite Raporunun Haz\u0131rlanmas\u0131<\/li>\n<li>Sera Gaz\u0131 Emisyonunun Planlar\u0131n\u0131n Olu\u015fturulmas\u0131<\/li>\n<li>Numune Alma Hizmetleri<\/li>\n<li>Su, At\u0131ksu, Deniz Suyu ve Y\u00fczeysel Su Analizleri<\/li>\n<li>At\u0131k \u00c7amur ve Toprak Analizleri<\/li>\n<li>At\u0131k Analizleri<\/li>\n<li>At\u0131k Ya\u011f Analizleri<\/li>\n<li>\u00c7evresel Ekipman G\u00fcr\u00fclt\u00fcs\u00fc \u00d6l\u00e7\u00fcmleri<\/li>\n<li>Akustik \u00d6l\u00e7\u00fcmleri ve Haritalanmas\u0131<\/li>\n<li>Titre\u015fim \u00d6l\u00e7\u00fcmleri<\/li>\n<li>Biyogaz \u00d6l\u00e7\u00fcm ve Analizleri, Tesis Fizibilitesi<\/li>\n<li>Enerji Verimlili\u011fi \u00d6l\u00e7\u00fcmleri<\/li>\n<li>\u0130\u015f Sa\u011fl\u0131\u011f\u0131 Ve G\u00fcvenli\u011fi (\u0130\u015f Hijyeni ) \u00d6l\u00e7\u00fcmleri<\/li>\n<li>\u0130\u00e7 Ortam G\u00fcr\u00fclt\u00fc \u00d6l\u00e7\u00fcmleri ve Haritalama<\/li>\n<li>\u0130\u00e7 Ortam Toz \u00d6l\u00e7\u00fcmleri ve Haritalam<\/li>\n<li>Ayd\u0131nlatma \u00d6l\u00e7\u00fcmleri (I\u015f\u0131k \u015eiddeti)<\/li>\n<li>Termal Konfor \u00d6l\u00e7\u00fcmleri<\/li>\n<li>Ki\u015fisel Maruziyet \u00d6l\u00e7\u00fcmleri<\/li>\n<li>Yan\u0131c\u0131, Parlay\u0131c\u0131 ve Patlay\u0131c\u0131 Gaz \u00d6l\u00e7\u00fcmleri<\/li>\n<li>Toz (PM 10, PM 2,5) \u00f6l\u00e7\u00fcmleri U&lt;Uct\u0131 Organik \u00d6l\u00e7\u00fcmleri<\/li>\n<li>\u00c7oken Toz \u00d6l\u00e7\u00fcmleri<\/li>\n<li>Tozda A\u011f\u0131r Metal \u00d6l\u00e7\u00fcmleri Pasif Ornekley\u0131ciler ile \u00f6l\u00e7\u00fcmleri C\u00d6l\u00e7\u00fcmler<\/li>\n<\/ul>\n","protected":false},"excerpt":{"rendered":"<p>Laboratuvar\u0131m\u0131z ; emisyon \u00f6l\u00e7\u00fcmlerini ulusal ve uluslararas\u0131 metotlara uygun \u015fekilde, konusunda deneyimli ve uzman personel ile modern \u00f6l\u00e7\u00fcm cihazlar\u0131 ve ekipmanlar\u0131 kullanarak ger\u00e7ekle\u015ftirmekte olup h\u0131zl\u0131, g\u00fcvenilir ve kaliteli hizmet vermektedir. &nbsp; Emisyon (Baca Gaz\u0131) ve \u0130misyon (Hava Kalitesi) \u00d6l\u00e7\u00fcmleri Hava Kalitesi Da\u011f\u0131l\u0131m Modelleme \u00c7al\u0131\u015fmalar\u0131 S\u00fcrekli Emisyon (KGS2 ve YGT Testleri) \u00d6l\u00e7\u00fcmleri SE\u00d6S Fizibilite Raporunun Haz\u0131rlanmas\u0131 Sera Gaz\u0131 Emisyonunun Planlar\u0131n\u0131n Olu\u015fturulmas\u0131<\/p>\n<div class=\"h10\"><\/div>\n<p><a class=\"more-link1\" href=\"https:\/\/ercev.com.tr\/?page_id=23848\">Read more<\/a><\/p>\n","protected":false},"author":1,"featured_media":0,"parent":0,"menu_order":0,"comment_status":"closed","ping_status":"closed","template":"","meta":[],"_links":{"self":[{"href":"https:\/\/ercev.com.tr\/index.php?rest_route=\/wp\/v2\/pages\/23848"}],"collection":[{"href":"https:\/\/ercev.com.tr\/index.php?rest_route=\/wp\/v2\/pages"}],"about":[{"href":"https:\/\/ercev.com.tr\/index.php?rest_route=\/wp\/v2\/types\/page"}],"author":[{"embeddable":true,"href":"https:\/\/ercev.com.tr\/index.php?rest_route=\/wp\/v2\/users\/1"}],"replies":[{"embeddable":true,"href":"https:\/\/ercev.com.tr\/index.php?rest_route=%2Fwp%2Fv2%2Fcomments&post=23848"}],"version-history":[{"count":14,"href":"https:\/\/ercev.com.tr\/index.php?rest_route=\/wp\/v2\/pages\/23848\/revisions"}],"predecessor-version":[{"id":24193,"href":"https:\/\/ercev.com.tr\/index.php?rest_route=\/wp\/v2\/pages\/23848\/revisions\/24193"}],"wp:attachment":[{"href":"https:\/\/ercev.com.tr\/index.php?rest_route=%2Fwp%2Fv2%2Fmedia&parent=23848"}],"curies":[{"name":"wp","href":"https:\/\/api.w.org\/{rel}","templated":true}]}}