{"id":23832,"date":"2018-02-11T14:27:38","date_gmt":"2018-02-11T14:27:38","guid":{"rendered":"http:\/\/ercev.com.tr\/?page_id=23832"},"modified":"2022-05-11T13:51:49","modified_gmt":"2022-05-11T13:51:49","slug":"ana-sayfa","status":"publish","type":"page","link":"https:\/\/ercev.com.tr\/","title":{"rendered":"Ana Sayfa"},"content":{"rendered":"<p>[vc_row full_width=&#8221;stretch_row&#8221; css=&#8221;.vc_custom_1518358044716{margin-bottom: 0px !important;}&#8221;][vc_column][rev_slider_vc alias=&#8221;home_full&#8221;][\/vc_column][\/vc_row][vc_row][vc_column]<h1 class=\"boc_heading  center  \"  style=\"margin-bottom: 20px;margin-top: 60px;color: #333333;\"><span>Sa\u011fl\u0131kl\u0131 nesiller i\u00e7in <strong class=\"typewriter\">ER\u00c7EV;\u00c7EVRE Y\u00d6NET\u0130M\u0130<\/strong><\/span><\/h1><div class=\"boc_divider_holder\"><div class=\"boc_divider  \"  style=\"margin-top: 20px;margin-bottom: 46px;width: 100px;margin-left: auto; margin-right: auto;height: 1px;background: #dddddd;\"><i class=\"icon icon-star3\"  style=\"font-size: 20px; line-height: 20px;color: #0dbab1;left: 50%; transform: translateY(-50%) translateX(-50%);background-color: #ffffff;border: 1px solid #ffffff;padding: 20px;\"><\/i><\/div><\/div>[\/vc_column][\/vc_row][vc_row][vc_column width=&#8221;1\/4&#8243;]\t<div class=\"team_block_content  boc_animate_when_almost_visible boc_bottom-to-top\">\r\n\t\t\t\t\t<div class=\"pic\">\r\n\t\t\t\t\t\t<a href=\"?page_id=23862\" target=\"_self\">\r\n\t\t\t\t\t\t<div class=\"team_image  \"><img width=\"246\" height=\"205\" src=\"https:\/\/ercev.com.tr\/wp-content\/uploads\/2020\/08\/cevre-danislmanligi.jpg\" class=\"attachment-full size-full\" alt=\"\" loading=\"lazy\" \/><\/div>\r\n\t\t\t\t\t\t<\/a>\r\n\t\t\t\t\t\t\r\n\t\t\t\t\t\t\r\n\t\t\t\t\t\t<div class=\"team_block\">\r\n\t\t\t\t\t\t\t<h4><a href=\"?page_id=23862\"><\/a><\/h4>\r\n\t\t\t\t\t\t\t<p class=\"team_desc\">\u00c7evre Dan\u0131\u015fmanl\u0131k<\/p>\r\n\t\t\t\t\t\t\t<p class=\"team_text\"><strong>Er\u00e7ev <\/strong> \u00c7evre Dan\u0131\u015fmanl\u0131k konular\u0131nda deneyimli ekibiyle \u201c\u00c7evre G\u00f6revlisi, \u00c7evre Y\u00f6netim Birimi ve \u00c7evre Dan\u0131\u015fmanl\u0131k Firmalar\u0131&#8230; <em><a href=\"?page_id=23862\">devam\u0131n\u0131 oku<\/a><\/em><\/p>\r\n\t\t\t\t\t\t\t<div class=\"team_icons\">\r\n\t\t\t\t\t\t\r\n\t\t\t\t\t\t\r\n\t\t\t\t\t\t\r\n\t\t\t\t\t\t\r\n\t\t\t\t\t\t\r\n\t\t\t\t\t\t\r\n\t\t\t\t\t\t\r\n\t\t\t\t\t\t\r\n\t\t\t\t\t\t\t<\/div>\r\n\t\t\t\t\t\t<\/div>\r\n\t\t\t\t\t<\/div>\r\n\t\t\t\t<\/div>\r\n\t\t\t[\/vc_column][vc_column width=&#8221;1\/4&#8243;]\t<div class=\"team_block_content  boc_animate_when_almost_visible boc_bottom-to-top\">\r\n\t\t\t\t\t<div class=\"pic\">\r\n\t\t\t\t\t\t<a href=\"?page_id=23849\" target=\"_self\">\r\n\t\t\t\t\t\t<div class=\"team_image  \"><img width=\"246\" height=\"205\" src=\"https:\/\/ercev.com.tr\/wp-content\/uploads\/2018\/04\/cedrap-1.jpg\" class=\"attachment-full size-full\" alt=\"\" loading=\"lazy\" \/><\/div>\r\n\t\t\t\t\t\t<\/a>\r\n\t\t\t\t\t\t\r\n\t\t\t\t\t\t\r\n\t\t\t\t\t\t<div class=\"team_block\">\r\n\t\t\t\t\t\t\t<h4><a href=\"?page_id=23849\"><\/a><\/h4>\r\n\t\t\t\t\t\t\t<p class=\"team_desc\">\u00c7ED Raporu<\/p>\r\n\t\t\t\t\t\t\t<p class=\"team_text\"><strong>Er\u00e7ev <\/strong>ger\u00e7ekle\u015ftirilmesi planlanan projelerin \u00e7evreye olabilecek olumlu ve olumsuz\u00a0etkilerinin belirlenmesinde, olumsuz y\u00f6ndeki&#8230; <a href=\"?page_id=23849\"><em>devam\u0131n\u0131 oku<\/em><\/a><\/p>\r\n\t\t\t\t\t\t\t<div class=\"team_icons\">\r\n\t\t\t\t\t\t\r\n\t\t\t\t\t\t\r\n\t\t\t\t\t\t\r\n\t\t\t\t\t\t\r\n\t\t\t\t\t\t\r\n\t\t\t\t\t\t\r\n\t\t\t\t\t\t\r\n\t\t\t\t\t\t\r\n\t\t\t\t\t\t\t<\/div>\r\n\t\t\t\t\t\t<\/div>\r\n\t\t\t\t\t<\/div>\r\n\t\t\t\t<\/div>\r\n\t\t\t[\/vc_column][vc_column width=&#8221;1\/4&#8243;]\t<div class=\"team_block_content  boc_animate_when_almost_visible boc_bottom-to-top\">\r\n\t\t\t\t\t<div class=\"pic\">\r\n\t\t\t\t\t\t<a href=\"?page_id=23848\" target=\"_self\">\r\n\t\t\t\t\t\t<div class=\"team_image  \"><img width=\"246\" height=\"205\" src=\"https:\/\/ercev.com.tr\/wp-content\/uploads\/2018\/05\/Emisyon-Baca-Gaz\u0131-\u00d6l\u00e7\u00fcmleri-kucuk.jpg\" class=\"attachment-full size-full\" alt=\"\" loading=\"lazy\" \/><\/div>\r\n\t\t\t\t\t\t<\/a>\r\n\t\t\t\t\t\t\r\n\t\t\t\t\t\t\r\n\t\t\t\t\t\t<div class=\"team_block\">\r\n\t\t\t\t\t\t\t<h4><a href=\"?page_id=23848\"><\/a><\/h4>\r\n\t\t\t\t\t\t\t<p class=\"team_desc\">Emisyon &amp; \u0130misyon \u00f6l\u00e7\u00fcm\u00fc<\/p>\r\n\t\t\t\t\t\t\t<p class=\"team_text\">Laboratuvar\u0131m\u0131z; emisyon \u00f6l\u00e7\u00fcmlerini ulusal ve uluslararas\u0131 metotlara uygun sekilde, konusunda deneyimli ve uzman personel ile&#8230; <em><a href=\"?page_id=23848\">devam\u0131n\u0131 oku<\/a><\/em><\/p>\r\n\t\t\t\t\t\t\t<div class=\"team_icons\">\r\n\t\t\t\t\t\t\r\n\t\t\t\t\t\t\r\n\t\t\t\t\t\t\r\n\t\t\t\t\t\t\r\n\t\t\t\t\t\t\r\n\t\t\t\t\t\t\r\n\t\t\t\t\t\t\r\n\t\t\t\t\t\t\r\n\t\t\t\t\t\t\t<\/div>\r\n\t\t\t\t\t\t<\/div>\r\n\t\t\t\t\t<\/div>\r\n\t\t\t\t<\/div>\r\n\t\t\t[\/vc_column][vc_column width=&#8221;1\/4&#8243;]\t<div class=\"team_block_content  boc_animate_when_almost_visible boc_bottom-to-top\">\r\n\t\t\t\t\t<div class=\"pic\">\r\n\t\t\t\t\t\t<a href=\"?page_id=24131\" target=\"_self\">\r\n\t\t\t\t\t\t<div class=\"team_image  \"><img width=\"245\" height=\"206\" src=\"https:\/\/ercev.com.tr\/wp-content\/uploads\/2018\/11\/ercev_is_hijyeni_2.jpg\" class=\"attachment-full size-full\" alt=\"\" loading=\"lazy\" \/><\/div>\r\n\t\t\t\t\t\t<\/a>\r\n\t\t\t\t\t\t\r\n\t\t\t\t\t\t\r\n\t\t\t\t\t\t<div class=\"team_block\">\r\n\t\t\t\t\t\t\t<h4><a href=\"?page_id=24131\"><\/a><\/h4>\r\n\t\t\t\t\t\t\t<p class=\"team_desc\">\u0130\u015f Hijyeni \u00f6l\u00e7\u00fcm\u00fc<\/p>\r\n\t\t\t\t\t\t\t<p class=\"team_text\">\u00c7al\u0131\u015fma ve Sosyal G\u00fcvenlik Bakanl\u0131\u011f\u0131&#8217; ndan yetkili, T\u00fcrkak&#8217; tan akrediteli laboratuvar\u0131m\u0131z taraf\u0131ndan i\u015f hijyeni \u00f6l\u00e7\u00fcmleriniz yap\u0131l\u0131r&#8230; <a href=\"?page_id=24131\"><em>devam\u0131n\u0131 oku<\/em><\/a><\/p>\r\n\t\t\t\t\t\t\t<div class=\"team_icons\">\r\n\t\t\t\t\t\t\r\n\t\t\t\t\t\t\r\n\t\t\t\t\t\t\r\n\t\t\t\t\t\t\r\n\t\t\t\t\t\t\r\n\t\t\t\t\t\t\r\n\t\t\t\t\t\t\r\n\t\t\t\t\t\t\r\n\t\t\t\t\t\t\t<\/div>\r\n\t\t\t\t\t\t<\/div>\r\n\t\t\t\t\t<\/div>\r\n\t\t\t\t<\/div>\r\n\t\t\t[\/vc_column][\/vc_row][vc_row full_width=&#8221;stretch_row_content_no_spaces&#8221; icon_type=&#8221;no_icon&#8221; icon_size=&#8221;32&#8243; icon_style=&#8221;none&#8221; icon_color_border=&#8221;#333333&#8243; icon_border_size=&#8221;1&#8243; icon_border_radius=&#8221;500&#8243; icon_border_spacing=&#8221;50&#8243; img_width=&#8221;48&#8243; css=&#8221;.vc_custom_1433505290095{border-top-width: 1px !important;border-bottom-width: 1px !important;border-top-color: #eeeeee !important;border-top-style: solid !important;border-bottom-color: #eeeeee !important;border-bottom-style: solid !important;}&#8221;][vc_column css_animation=&#8221;none&#8221; el_class=&#8221;equal_height_column dark_links no_side_padding_in_responsive_column&#8221; offset=&#8221;vc_col-lg-6 vc_col-md-12 vc_col-xs-12&#8243; css=&#8221;.vc_custom_1518468653426{padding-top: 9% !important;padding-right: 9% !important;padding-bottom: 6% !important;padding-left: 14% !important;}&#8221;]<h2 class=\"boc_heading no_text_transform letter_spacing_negative al_left  \"  style=\"margin-bottom: 6px;margin-top: 0px;color: #333333;\"><span>\u0130\u015fletmenizin <strong>\u00c7evre y\u00f6netimi<\/strong> ve \u0130\u015f Hijyeni<\/span><\/h2><h2 class=\"boc_heading  al_left  boc_subheading \"  style=\"margin-bottom: 20px;margin-top: 12px;color: #848484;font-size: 19px;\"><span>Profesyonel Dan\u0131\u015fmanl\u0131k ve Bilgi gerektirir.<\/span><\/h2><div class=\"boc_divider_holder\"><div class=\"boc_divider  \"  style=\"margin-top: 10px;margin-bottom: 50px;width: 60px;height: 2px;background: #eeeeee;\"><\/div><\/div><div class=\"side_icon_box large  \"><span class=\"icon_feat \" style=\"\"><i class=\"icon icon-tools3\" style=\"\"><\/i><\/span><h3><a href=\"http:\/\/google.com\" target=\"_blank\">\u00c7evre Dan\u0131\u015fmanl\u0131k Hizmetleri<\/a><\/h3><div class=\"side_icon_box_content\">\u00c7evre g\u00f6revlisi hizmeti, \u00e7evre izin dan\u0131\u015fmanl\u0131\u011f\u0131, \u00e7evre lisans dan\u0131\u015fmanl\u0131\u011f\u0131, \u00c7ED raporlar\u0131n\u0131n haz\u0131rlanmas\u0131.<\/div><\/div><div class=\"boc_spacing \" style=\"height: 10px\"><\/div><div class=\"side_icon_box large  \"><span class=\"icon_feat \" style=\"\"><i class=\"icon icon-target3\" style=\"\"><\/i><\/span><h3><a href=\"http:\/\/google.com\" target=\"_blank\">\u00d6l\u00e7\u00fcm Hizmetleri<\/a><\/h3><div class=\"side_icon_box_content\">Bakanl\u0131k onayl\u0131 Emisyon &amp; \u0130misyon, G\u00fcr\u00fclt\u00fc ve \u0130\u015f hijyeni \u00f6l\u00e7\u00fcmleri.<\/div><\/div><div class=\"boc_spacing \" style=\"height: 10px\"><\/div><div class=\"side_icon_box large  \"><span class=\"icon_feat \" style=\"\"><i class=\"icon icon-anchor3\" style=\"\"><\/i><\/span><h3><a href=\"http:\/\/google.com\" target=\"_blank\">Analiz<\/a><\/h3><div class=\"side_icon_box_content\">Su, at\u0131ksu, at\u0131k ya\u011f ve at\u0131k analizleri.<\/div><\/div><div class=\"boc_spacing \" style=\"height: 20px\"><\/div>[\/vc_column][vc_column width=&#8221;1\/2&#8243; css=&#8221;.vc_custom_1541002542970{background-image: url(http:\/\/ercev.com.tr\/wp-content\/uploads\/2018\/10\/ercev-cevre_danismanlik-1.png?id=24382) !important;background-position: center !important;background-repeat: no-repeat !important;background-size: cover !important;}&#8221; offset=&#8221;vc_hidden-md vc_hidden-sm vc_hidden-xs&#8221; el_class=&#8221;equal_height_column&#8221;][\/vc_column][\/vc_row][vc_row full_width=&#8221;stretch_row&#8221; parallax_content=&#8221;off&#8221; fadeout_row=&#8221;off&#8221; seperator_enable=&#8221;off&#8221; ult_hide_row=&#8221;off&#8221; css=&#8221;.vc_custom_1518359934851{margin-top: -30px !important;border-top-width: 1px !important;border-bottom-width: 1px !important;padding-top: 70px !important;padding-bottom: 60px !important;background-color: #f9f9f9 !important;border-top-color: #f2f2f2 !important;border-top-style: solid !important;border-bottom-color: #f2f2f2 !important;border-bottom-style: solid !important;}&#8221;][vc_column width=&#8221;1\/3&#8243;]<div class=\"boc_icon_holder boc_icon_size_large boc_icon_pos_center  \" style=\"margin-bottom: 10px\"><span class=\"boc_icon icon icon-like3\" style=\"color:#08ada7;\"><\/span><\/div><style> #counter6036 .counter-digit { color: #3a4848;} <\/style><div class=\"single_numbers_holder boc_anim_hidden  center centered_digits \"><div id=\"counter6036\" class=\"counter\">\r\n\t\t\t\t\t\t<input type=\"hidden\" class=\"counter_hidden\" data-end-nu=\"10\" name=\"counter6036-value\" value=\"\" \/>\r\n\t\t\t\t\t\t\r\n\t\t\t\t\t<\/div><\/div><div class=\"boc_divider_holder\"><div class=\"boc_divider  boc_animate_when_almost_visible boc_fade-in\"  style=\"margin-top: 0px;margin-bottom: 20px;width: 40px;margin-left: auto; margin-right: auto;height: 2px;background: #eeeeee;\"><\/div><\/div><h3 class=\"boc_heading no_text_transform center  \"  style=\"margin-bottom: 20px;margin-top: 0px;color: #555555;font-size: 19px;\"><span>Senelik Tecr\u00fcbe<\/span><\/h3><div class=\"boc_spacing \" style=\"height: 20px\"><\/div>[\/vc_column][vc_column width=&#8221;1\/3&#8243;]<div class=\"boc_icon_holder boc_icon_size_large boc_icon_pos_center  \" style=\"margin-bottom: 10px\"><span class=\"boc_icon icon icon-diamond2\" style=\"color:#08ada7;\"><\/span><\/div><style> #counter7056 .counter-digit { color: #3a4848;} <\/style><div class=\"single_numbers_holder boc_anim_hidden  center centered_digits \"><div id=\"counter7056\" class=\"counter\">\r\n\t\t\t\t\t\t<input type=\"hidden\" class=\"counter_hidden\" data-end-nu=\"231\" name=\"counter7056-value\" value=\"\" \/>\r\n\t\t\t\t\t\t\r\n\t\t\t\t\t<\/div><\/div><div class=\"boc_divider_holder\"><div class=\"boc_divider  boc_animate_when_almost_visible boc_fade-in\"  style=\"margin-top: 0px;margin-bottom: 20px;width: 40px;margin-left: auto; margin-right: auto;height: 2px;background: #eeeeee;\"><\/div><\/div><h3 class=\"boc_heading no_text_transform center  \"  style=\"margin-bottom: 20px;margin-top: 0px;color: #555555;font-size: 19px;\"><span>Firma Say\u0131m\u0131z<\/span><\/h3><div class=\"boc_spacing \" style=\"height: 20px\"><\/div>[\/vc_column][vc_column width=&#8221;1\/3&#8243;]<div class=\"boc_icon_holder boc_icon_size_large boc_icon_pos_center wpb_animate_when_almost_visible wpb_top-to-bottom \" style=\"margin-bottom: 10px\"><span class=\"boc_icon icon icon-params\" style=\"color:#08ada7;\"><\/span><\/div><style> #counter549 .counter-digit { color: #3a4848;} <\/style><div class=\"single_numbers_holder boc_anim_hidden  center centered_digits \"><div id=\"counter549\" class=\"counter\">\r\n\t\t\t\t\t\t<input type=\"hidden\" class=\"counter_hidden\" data-end-nu=\"298\" name=\"counter549-value\" value=\"\" \/>\r\n\t\t\t\t\t\t\r\n\t\t\t\t\t<\/div><\/div><div class=\"boc_divider_holder\"><div class=\"boc_divider  boc_animate_when_almost_visible boc_fade-in\"  style=\"margin-top: 0px;margin-bottom: 20px;width: 40px;margin-left: auto; margin-right: auto;height: 2px;background: #eeeeee;\"><\/div><\/div><h3 class=\"boc_heading no_text_transform center  \"  style=\"margin-bottom: 20px;margin-top: 0px;color: #555555;font-size: 19px;\"><span>Haz\u0131rlanan \u00c7ED Raporlar\u0131<\/span><\/h3><div class=\"boc_spacing \" style=\"height: 20px\"><\/div>[\/vc_column][\/vc_row][vc_row][vc_column width=&#8221;1\/3&#8243;]<h2 class=\"boc_heading  al_left  \"  style=\"margin-bottom: 0px;margin-top: 24px;color: #333333;font-size: 32px;\"><span>Gururumuz &amp; <strong class=\"text_rotate\">Referanslar\u0131m\u0131z;\u0130\u015fbirliklerimiz<\/strong><\/span><\/h2><h3 class=\"boc_heading  al_left  boc_subheading \"  style=\"margin-bottom: 20px;margin-top: 0px;color: #a8a8a8;\"><span>Temiz \u00e7evreler i\u00e7in el ele!<\/span><\/h3><div class=\"boc_divider_holder\"><div class=\"boc_divider  \"  style=\"margin-top: 24px;margin-bottom: 24px;width: 100px;height: 2px;background: #f4f4f4;\"><\/div><\/div>[\/vc_column][vc_column width=&#8221;2\/3&#8243;]<div class=\"logo_gallery  left_border\"><div class=\"grid_holder  big_spacing\" id=\"img_gallery_2f2cc42ce5a0c98e287c8328cd8ff153\"><div class=\"col span_1_of_3 info_item isotope_element boc_animate_when_almost_visible boc_bottom-to-top\">\r\n\t\t\t\t\t\t\t<div class=\"pic  img_hover_effect2\">\r\n\t\t\t\t\t\t<a href=\"javascript:void(0)\" style=\"cursor: default;\"  class=\"tooltipsy\" original-title=\"PINAR SUT\">\r\n\t\t\t\t\t\t\t<img src=\"https:\/\/ercev.com.tr\/wp-content\/uploads\/2018\/02\/PINAR-SUT.jpg\" alt=\"\"\/>\r\n\t\t\t\t\t\t<\/a><\/div>\r\n\t\t\t\t\t<\/div><div class=\"col span_1_of_3 info_item isotope_element boc_animate_when_almost_visible boc_bottom-to-top\">\r\n\t\t\t\t\t\t\t<div class=\"pic  img_hover_effect2\">\r\n\t\t\t\t\t\t<a href=\"javascript:void(0)\" style=\"cursor: default;\"  class=\"tooltipsy\" original-title=\"HEKIM YAPI\">\r\n\t\t\t\t\t\t\t<img src=\"https:\/\/ercev.com.tr\/wp-content\/uploads\/2018\/02\/HEKIM-YAPI.jpg\" alt=\"\"\/>\r\n\t\t\t\t\t\t<\/a><\/div>\r\n\t\t\t\t\t<\/div><div class=\"col span_1_of_3 info_item isotope_element boc_animate_when_almost_visible boc_bottom-to-top\">\r\n\t\t\t\t\t\t\t<div class=\"pic  img_hover_effect2\">\r\n\t\t\t\t\t\t<a href=\"javascript:void(0)\" style=\"cursor: default;\"  class=\"tooltipsy\" original-title=\"henkel\">\r\n\t\t\t\t\t\t\t<img src=\"https:\/\/ercev.com.tr\/wp-content\/uploads\/2018\/02\/henkel.jpg\" alt=\"\"\/>\r\n\t\t\t\t\t\t<\/a><\/div>\r\n\t\t\t\t\t<\/div><div class=\"col span_1_of_3 info_item isotope_element boc_animate_when_almost_visible boc_bottom-to-top\">\r\n\t\t\t\t\t\t\t<div class=\"pic  img_hover_effect2\">\r\n\t\t\t\t\t\t<a href=\"javascript:void(0)\" style=\"cursor: default;\"  class=\"tooltipsy\" original-title=\"DYO\">\r\n\t\t\t\t\t\t\t<img src=\"https:\/\/ercev.com.tr\/wp-content\/uploads\/2018\/02\/DYO.jpg\" alt=\"\"\/>\r\n\t\t\t\t\t\t<\/a><\/div>\r\n\t\t\t\t\t<\/div><div class=\"col span_1_of_3 info_item isotope_element boc_animate_when_almost_visible boc_bottom-to-top\">\r\n\t\t\t\t\t\t\t<div class=\"pic  img_hover_effect2\">\r\n\t\t\t\t\t\t<a href=\"javascript:void(0)\" style=\"cursor: default;\"  class=\"tooltipsy\" original-title=\"KOSKA HELVA\">\r\n\t\t\t\t\t\t\t<img src=\"https:\/\/ercev.com.tr\/wp-content\/uploads\/2018\/02\/KOSKA-HELVA.jpg\" alt=\"\"\/>\r\n\t\t\t\t\t\t<\/a><\/div>\r\n\t\t\t\t\t<\/div><div class=\"col span_1_of_3 info_item isotope_element boc_animate_when_almost_visible boc_bottom-to-top\">\r\n\t\t\t\t\t\t\t<div class=\"pic  img_hover_effect2\">\r\n\t\t\t\t\t\t<a href=\"javascript:void(0)\" style=\"cursor: default;\"  class=\"tooltipsy\" original-title=\"kutahya\">\r\n\t\t\t\t\t\t\t<img src=\"https:\/\/ercev.com.tr\/wp-content\/uploads\/2018\/02\/kutahya.jpg\" alt=\"\"\/>\r\n\t\t\t\t\t\t<\/a><\/div>\r\n\t\t\t\t\t<\/div><div class=\"col span_1_of_3 info_item isotope_element boc_animate_when_almost_visible boc_bottom-to-top\">\r\n\t\t\t\t\t\t\t<div class=\"pic  img_hover_effect2\">\r\n\t\t\t\t\t\t<a href=\"javascript:void(0)\" style=\"cursor: default;\"  class=\"tooltipsy\" original-title=\"ALTINYILDIZ\">\r\n\t\t\t\t\t\t\t<img src=\"https:\/\/ercev.com.tr\/wp-content\/uploads\/2018\/02\/ALTINYILDIZ.jpg\" alt=\"\"\/>\r\n\t\t\t\t\t\t<\/a><\/div>\r\n\t\t\t\t\t<\/div><div class=\"col span_1_of_3 info_item isotope_element boc_animate_when_almost_visible boc_bottom-to-top\">\r\n\t\t\t\t\t\t\t<div class=\"pic  img_hover_effect2\">\r\n\t\t\t\t\t\t<a href=\"javascript:void(0)\" style=\"cursor: default;\"  class=\"tooltipsy\" original-title=\"anel\">\r\n\t\t\t\t\t\t\t<img src=\"https:\/\/ercev.com.tr\/wp-content\/uploads\/2018\/02\/anel.jpg\" alt=\"\"\/>\r\n\t\t\t\t\t\t<\/a><\/div>\r\n\t\t\t\t\t<\/div><div class=\"col span_1_of_3 info_item isotope_element boc_animate_when_almost_visible boc_bottom-to-top\">\r\n\t\t\t\t\t\t\t<div class=\"pic  img_hover_effect2\">\r\n\t\t\t\t\t\t<a href=\"javascript:void(0)\" style=\"cursor: default;\"  class=\"tooltipsy\" original-title=\"DEVLET SU ISLERI\">\r\n\t\t\t\t\t\t\t<img src=\"https:\/\/ercev.com.tr\/wp-content\/uploads\/2018\/02\/DEVLET-SU-ISLERI.jpg\" alt=\"\"\/>\r\n\t\t\t\t\t\t<\/a><\/div>\r\n\t\t\t\t\t<\/div><\/div><\/div>[\/vc_column][\/vc_row][vc_row full_width=&#8221;stretch_row&#8221; enable_overlay=&#8221;off&#8221; el_class=&#8221;white_text&#8221; css=&#8221;.vc_custom_1428570896350{margin-bottom: 0px !important;padding-top: 24px !important;padding-bottom: 20px !important;background-color: #08ada7 !important;}&#8221;][vc_column]<div class=\"text_box no_text_transform body_font box_no_bgr \"><div class=\"text_box_content with_button\"><h2>Er\u00e7ev \u00c7evre Y\u00f6netimi' nin Hizmet Kalitesini Ya\u015famaya Ne Dersiniz?<\/h2>\r\n\t\t\t\t\t<p><\/p>\r\n\t\t\t\t<\/div><div class=\"btn_holder\"><a\thref=\"?page_id=23846\" \r\n\t\t\t\t\tclass=\"button  btn_medium_stretched btn_white btn_circled btn_outline icon_pos_after \"  target='_self'><span>\u0130leti\u015fim<\/span> <i class='icon icon icon-angle-right2'><\/i> <\/a><\/div><\/div>[\/vc_column][\/vc_row]<\/p>\n","protected":false},"excerpt":{"rendered":"<p>[vc_row full_width=&#8221;stretch_row&#8221; css=&#8221;.vc_custom_1518358044716{margin-bottom: 0px !important;}&#8221;][vc_column][rev_slider_vc alias=&#8221;home_full&#8221;][\/vc_column][\/vc_row][vc_row][vc_column][\/vc_column][\/vc_row][vc_row][vc_column width=&#8221;1\/4&#8243;][\/vc_column][vc_column width=&#8221;1\/4&#8243;][\/vc_column][vc_column width=&#8221;1\/4&#8243;][\/vc_column][vc_column width=&#8221;1\/4&#8243;][\/vc_column][\/vc_row][vc_row full_width=&#8221;stretch_row_content_no_spaces&#8221; icon_type=&#8221;no_icon&#8221; icon_size=&#8221;32&#8243; icon_style=&#8221;none&#8221; icon_color_border=&#8221;#333333&#8243; icon_border_size=&#8221;1&#8243; icon_border_radius=&#8221;500&#8243; icon_border_spacing=&#8221;50&#8243; img_width=&#8221;48&#8243; css=&#8221;.vc_custom_1433505290095{border-top-width: 1px !important;border-bottom-width: 1px !important;border-top-color: #eeeeee !important;border-top-style: solid !important;border-bottom-color: #eeeeee !important;border-bottom-style: solid !important;}&#8221;][vc_column css_animation=&#8221;none&#8221; el_class=&#8221;equal_height_column dark_links no_side_padding_in_responsive_column&#8221; offset=&#8221;vc_col-lg-6 vc_col-md-12 vc_col-xs-12&#8243; css=&#8221;.vc_custom_1518468653426{padding-top: 9% !important;padding-right: 9% !important;padding-bottom: 6% !important;padding-left: 14% !important;}&#8221;][\/vc_column][vc_column width=&#8221;1\/2&#8243; css=&#8221;.vc_custom_1541002542970{background-image: url(http:\/\/ercev.com.tr\/wp-content\/uploads\/2018\/10\/ercev-cevre_danismanlik-1.png?id=24382) !important;background-position: center !important;background-repeat: no-repeat !important;background-size: cover !important;}&#8221; offset=&#8221;vc_hidden-md vc_hidden-sm<\/p>\n<div class=\"h10\"><\/div>\n<p><a class=\"more-link1\" href=\"https:\/\/ercev.com.tr\/\">Read more<\/a><\/p>\n","protected":false},"author":1,"featured_media":0,"parent":0,"menu_order":0,"comment_status":"closed","ping_status":"closed","template":"","meta":[],"_links":{"self":[{"href":"https:\/\/ercev.com.tr\/index.php?rest_route=\/wp\/v2\/pages\/23832"}],"collection":[{"href":"https:\/\/ercev.com.tr\/index.php?rest_route=\/wp\/v2\/pages"}],"about":[{"href":"https:\/\/ercev.com.tr\/index.php?rest_route=\/wp\/v2\/types\/page"}],"author":[{"embeddable":true,"href":"https:\/\/ercev.com.tr\/index.php?rest_route=\/wp\/v2\/users\/1"}],"replies":[{"embeddable":true,"href":"https:\/\/ercev.com.tr\/index.php?rest_route=%2Fwp%2Fv2%2Fcomments&post=23832"}],"version-history":[{"count":113,"href":"https:\/\/ercev.com.tr\/index.php?rest_route=\/wp\/v2\/pages\/23832\/revisions"}],"predecessor-version":[{"id":24482,"href":"https:\/\/ercev.com.tr\/index.php?rest_route=\/wp\/v2\/pages\/23832\/revisions\/24482"}],"wp:attachment":[{"href":"https:\/\/ercev.com.tr\/index.php?rest_route=%2Fwp%2Fv2%2Fmedia&parent=23832"}],"curies":[{"name":"wp","href":"https:\/\/api.w.org\/{rel}","templated":true}]}}