{"id":24131,"date":"2018-04-25T20:47:39","date_gmt":"2018-04-25T20:47:39","guid":{"rendered":"http:\/\/ercev.com.tr\/?page_id=24131"},"modified":"2018-05-21T21:31:58","modified_gmt":"2018-05-21T21:31:58","slug":"is-hijyeni-is-sagligi-ve-guvenligi-olcumu","status":"publish","type":"page","link":"http:\/\/ercev.com.tr\/?page_id=24131","title":{"rendered":"\u0130\u015f hijyeni (\u0130\u015f Sa\u011fl\u0131\u011f\u0131 ve G\u00fcvenli\u011fi) \u00d6l\u00e7\u00fcm\u00fc"},"content":{"rendered":"<h3>G\u00fcr\u00fclt\u00fc \u00d6l\u00e7\u00fcmleri<\/h3>\n<ul>\n<li>\u0130\u00e7 Ortam G\u00fcr\u00fclt\u00fc \u00d6l\u00e7\u00fcmleri<\/li>\n<li>\u0130\u00e7 Ortam G\u00fcr\u00fclt\u00fc Haritas\u0131n\u0131n Haz\u0131rlanmas\u0131<\/li>\n<li>G\u00fcr\u00fclt\u00fc Maruziyet \u00d6l\u00e7\u00fcmleri<br \/>\n<h3><img loading=\"lazy\" class=\"wp-image-24356 alignright\" src=\"http:\/\/ercev.com.tr\/wp-content\/uploads\/2018\/05\/iswgh.jpeg\" alt=\"\" width=\"705\" height=\"624\" srcset=\"http:\/\/ercev.com.tr\/wp-content\/uploads\/2018\/05\/iswgh.jpeg 1000w, http:\/\/ercev.com.tr\/wp-content\/uploads\/2018\/05\/iswgh-300x266.jpeg 300w, http:\/\/ercev.com.tr\/wp-content\/uploads\/2018\/05\/iswgh-768x680.jpeg 768w\" sizes=\"(max-width: 705px) 100vw, 705px\" \/><\/h3>\n<\/li>\n<\/ul>\n<h3>Toz ve Aerosol \u00d6l\u00e7\u00fcmleri<\/h3>\n<ul>\n<li>Toplam Toz \u00d6l\u00e7\u00fcmleri ve Maruziyeti<\/li>\n<li>Toz Haritas\u0131n\u0131n Haz\u0131rlanmas\u0131<\/li>\n<li>Solunabilir Toz \u00d6l\u00e7\u00fcmleri ve Maruziyeti<\/li>\n<li>Toplam Aerosol Maruziyet \u00d6l\u00e7\u00fcmleri<\/li>\n<li>Solunabilir Aerosol Maruziyet \u00d6l\u00e7\u00fcmleri<\/li>\n<\/ul>\n<h3>A\u011f\u0131r Metal \u00d6l\u00e7\u00fcmleri<\/h3>\n<ul>\n<li>A\u011f\u0131r Metal Ortam \u00d6l\u00e7\u00fcmleri<\/li>\n<li>A\u011f\u0131r Metal Maruziyet \u00d6l\u00e7\u00fcmleri<\/li>\n<\/ul>\n<h3>Ayd\u0131nlatma \u00d6l\u00e7\u00fcmleri<\/h3>\n<ul>\n<li>\u0130\u00e7 ve D\u0131\u015f Ayd\u0131nlatma Ortam Seviyeleri (Gece-G\u00fcnd\u00fcz)<\/li>\n<\/ul>\n<h3>Termal Konfor \u00d6l\u00e7\u00fcmleri<\/h3>\n<ul>\n<li>Termal Konfor (WBGT) \u00d6l\u00e7\u00fcm\u00fc<\/li>\n<li>Termal Konfor (PMV\/PPD) \u00d6l\u00e7\u00fcm\u00fc<\/li>\n<\/ul>\n<h3>Titre\u015fim \u00d6l\u00e7\u00fcmleri<\/h3>\n<ul>\n<li>Zemin Titre\u015fimi<\/li>\n<li>El-Kol Titre\u015fim Maruziyeti<\/li>\n<li>T\u00fcm V\u00fccut Titre\u015fim Maruziyeti<\/li>\n<\/ul>\n<h3>Gaz \u00d6l\u00e7\u00fcmleri<\/h3>\n<ul>\n<li>Toksik Gaz \u00d6l\u00e7\u00fcmleri ve Maruziyeti<\/li>\n<li>\u0130norganik Asit \u00d6l\u00e7\u00fcmleri ve Maruziyeti<\/li>\n<li>VOC ve VOC Maruziyet \u00d6l\u00e7\u00fcm\u00fc<\/li>\n<li>%LEL<\/li>\n<li>Kaynak Gazlar\u0131 \u00d6l\u00e7\u00fcmleri<\/li>\n<\/ul>\n<p>&nbsp;<\/p>\n<h3>Lifsi Toz (Asbest-Lif Say\u0131m\u0131) \u00d6l\u00e7\u00fcmleri ve Maruziyeti<\/h3>\n<p>&nbsp;<\/p>\n<h3>Silika \u00d6l\u00e7\u00fcmleri ve Analizleri<\/h3>\n<p>&nbsp;<\/p>\n<h3>Elektromanyetik Alan \u00d6l\u00e7\u00fcmleri<\/h3>\n<p>&nbsp;<\/p>\n<p>&nbsp;<\/p>\n<p>&nbsp;<\/p>\n<p>&nbsp;<\/p>\n","protected":false},"excerpt":{"rendered":"<p>G\u00fcr\u00fclt\u00fc \u00d6l\u00e7\u00fcmleri \u0130\u00e7 Ortam G\u00fcr\u00fclt\u00fc \u00d6l\u00e7\u00fcmleri \u0130\u00e7 Ortam G\u00fcr\u00fclt\u00fc Haritas\u0131n\u0131n Haz\u0131rlanmas\u0131 G\u00fcr\u00fclt\u00fc Maruziyet \u00d6l\u00e7\u00fcmleri Toz ve Aerosol \u00d6l\u00e7\u00fcmleri Toplam Toz \u00d6l\u00e7\u00fcmleri ve Maruziyeti Toz Haritas\u0131n\u0131n Haz\u0131rlanmas\u0131 Solunabilir Toz \u00d6l\u00e7\u00fcmleri ve Maruziyeti Toplam Aerosol Maruziyet \u00d6l\u00e7\u00fcmleri Solunabilir Aerosol Maruziyet \u00d6l\u00e7\u00fcmleri A\u011f\u0131r Metal \u00d6l\u00e7\u00fcmleri A\u011f\u0131r Metal Ortam \u00d6l\u00e7\u00fcmleri A\u011f\u0131r Metal Maruziyet \u00d6l\u00e7\u00fcmleri Ayd\u0131nlatma \u00d6l\u00e7\u00fcmleri \u0130\u00e7 ve D\u0131\u015f Ayd\u0131nlatma Ortam Seviyeleri (Gece-G\u00fcnd\u00fcz) Termal<\/p>\n<div class=\"h10\"><\/div>\n<p><a class=\"more-link1\" href=\"http:\/\/ercev.com.tr\/?page_id=24131\">Read more<\/a><\/p>\n","protected":false},"author":1,"featured_media":0,"parent":0,"menu_order":0,"comment_status":"closed","ping_status":"closed","template":"","meta":[],"_links":{"self":[{"href":"http:\/\/ercev.com.tr\/index.php?rest_route=\/wp\/v2\/pages\/24131"}],"collection":[{"href":"http:\/\/ercev.com.tr\/index.php?rest_route=\/wp\/v2\/pages"}],"about":[{"href":"http:\/\/ercev.com.tr\/index.php?rest_route=\/wp\/v2\/types\/page"}],"author":[{"embeddable":true,"href":"http:\/\/ercev.com.tr\/index.php?rest_route=\/wp\/v2\/users\/1"}],"replies":[{"embeddable":true,"href":"http:\/\/ercev.com.tr\/index.php?rest_route=%2Fwp%2Fv2%2Fcomments&post=24131"}],"version-history":[{"count":11,"href":"http:\/\/ercev.com.tr\/index.php?rest_route=\/wp\/v2\/pages\/24131\/revisions"}],"predecessor-version":[{"id":24361,"href":"http:\/\/ercev.com.tr\/index.php?rest_route=\/wp\/v2\/pages\/24131\/revisions\/24361"}],"wp:attachment":[{"href":"http:\/\/ercev.com.tr\/index.php?rest_route=%2Fwp%2Fv2%2Fmedia&parent=24131"}],"curies":[{"name":"wp","href":"https:\/\/api.w.org\/{rel}","templated":true}]}}